{"id":24,"date":"2023-03-07T12:27:37","date_gmt":"2023-03-07T11:27:37","guid":{"rendered":"http:\/\/localhost\/sage.ma\/?page_id=24"},"modified":"2023-06-08T12:10:23","modified_gmt":"2023-06-08T10:10:23","slug":"contactez-nous","status":"publish","type":"page","link":"https:\/\/mediasoft.tn\/sage.tn\/contactez-nous\/","title":{"rendered":"Contactez-nous"},"content":{"rendered":"\t\t<div data-elementor-type=\"wp-page\" data-elementor-id=\"24\" class=\"elementor elementor-24\">\n\t\t\t\t\t\t\t\t\t<section class=\"elementor-section elementor-top-section elementor-element elementor-element-1b3bfd0 elementor-section-boxed elementor-section-height-default elementor-section-height-default\" data-id=\"1b3bfd0\" data-element_type=\"section\" data-settings=\"{&quot;background_background&quot;:&quot;classic&quot;}\">\n\t\t\t\t\t\t<div class=\"elementor-container elementor-column-gap-default\">\n\t\t\t\t\t<div class=\"elementor-column elementor-col-100 elementor-top-column elementor-element elementor-element-c5f5111\" data-id=\"c5f5111\" data-element_type=\"column\">\n\t\t\t<div class=\"elementor-widget-wrap elementor-element-populated\">\n\t\t\t\t\t\t\t\t<div class=\"elementor-element elementor-element-9e61cf1 elementor-widget elementor-widget-heading\" data-id=\"9e61cf1\" data-element_type=\"widget\" data-widget_type=\"heading.default\">\n\t\t\t\t<div class=\"elementor-widget-container\">\n\t\t\t<style>\/*! elementor - v3.11.5 - 14-03-2023 *\/\n.elementor-heading-title{padding:0;margin:0;line-height:1}.elementor-widget-heading .elementor-heading-title[class*=elementor-size-]>a{color:inherit;font-size:inherit;line-height:inherit}.elementor-widget-heading .elementor-heading-title.elementor-size-small{font-size:15px}.elementor-widget-heading .elementor-heading-title.elementor-size-medium{font-size:19px}.elementor-widget-heading .elementor-heading-title.elementor-size-large{font-size:29px}.elementor-widget-heading .elementor-heading-title.elementor-size-xl{font-size:39px}.elementor-widget-heading .elementor-heading-title.elementor-size-xxl{font-size:59px}<\/style><h1 class=\"elementor-heading-title elementor-size-default\">Retrouvez l'adresse de notre site au Tunis<\/h1>\t\t<\/div>\n\t\t\t\t<\/div>\n\t\t\t\t\t<\/div>\n\t\t<\/div>\n\t\t\t\t\t\t\t<\/div>\n\t\t<\/section>\n\t\t\t\t<section class=\"elementor-section elementor-top-section elementor-element elementor-element-910f686 elementor-section-boxed elementor-section-height-default elementor-section-height-default\" data-id=\"910f686\" data-element_type=\"section\" data-settings=\"{&quot;background_background&quot;:&quot;classic&quot;}\">\n\t\t\t\t\t\t<div class=\"elementor-container elementor-column-gap-default\">\n\t\t\t\t\t<div class=\"elementor-column elementor-col-100 elementor-top-column elementor-element elementor-element-0d012a2\" data-id=\"0d012a2\" data-element_type=\"column\">\n\t\t\t<div class=\"elementor-widget-wrap elementor-element-populated\">\n\t\t\t\t\t\t\t\t<div class=\"elementor-element elementor-element-bf9a454 elementor-widget elementor-widget-google_maps\" data-id=\"bf9a454\" data-element_type=\"widget\" data-widget_type=\"google_maps.default\">\n\t\t\t\t<div class=\"elementor-widget-container\">\n\t\t\t<style>\/*! elementor - v3.11.5 - 14-03-2023 *\/\n.elementor-widget-google_maps .elementor-widget-container{overflow:hidden}.elementor-widget-google_maps .elementor-custom-embed{line-height:0}.elementor-widget-google_maps iframe{height:300px}<\/style>\t\t<div class=\"elementor-custom-embed\">\n\t\t\t<iframe loading=\"lazy\"\n\t\t\t\t\tsrc=\"https:\/\/maps.google.com\/maps?q=Mediasoft%2C%20Av%2C%20H%C3%A9di%20Nouira%20Immeuble%20le%20Moulin%20Bureau%20N%C2%BA2%20-%20Ennasr%20II%20-%202037%20Ariana&#038;t=m&#038;z=10&#038;output=embed&#038;iwloc=near\"\n\t\t\t\t\ttitle=\"Mediasoft, Av, H\u00e9di Nouira Immeuble le Moulin Bureau N\u00ba2 - Ennasr II - 2037 Ariana\"\n\t\t\t\t\taria-label=\"Mediasoft, Av, H\u00e9di Nouira Immeuble le Moulin Bureau N\u00ba2 - Ennasr II - 2037 Ariana\"\n\t\t\t><\/iframe>\n\t\t<\/div>\n\t\t\t\t<\/div>\n\t\t\t\t<\/div>\n\t\t\t\t\t<\/div>\n\t\t<\/div>\n\t\t\t\t\t\t\t<\/div>\n\t\t<\/section>\n\t\t\t\t<section class=\"elementor-section elementor-top-section elementor-element elementor-element-2249e33 elementor-section-boxed elementor-section-height-default elementor-section-height-default\" data-id=\"2249e33\" data-element_type=\"section\">\n\t\t\t\t\t\t<div class=\"elementor-container elementor-column-gap-default\">\n\t\t\t\t\t<div class=\"elementor-column elementor-col-50 elementor-top-column elementor-element elementor-element-f137918\" data-id=\"f137918\" data-element_type=\"column\">\n\t\t\t<div class=\"elementor-widget-wrap elementor-element-populated\">\n\t\t\t\t\t\t\t\t<div class=\"elementor-element elementor-element-d34b54c elementor-widget elementor-widget-text-editor\" data-id=\"d34b54c\" data-element_type=\"widget\" data-widget_type=\"text-editor.default\">\n\t\t\t\t<div class=\"elementor-widget-container\">\n\t\t\t<style>\/*! elementor - v3.11.5 - 14-03-2023 *\/\n.elementor-widget-text-editor.elementor-drop-cap-view-stacked .elementor-drop-cap{background-color:#818a91;color:#fff}.elementor-widget-text-editor.elementor-drop-cap-view-framed .elementor-drop-cap{color:#818a91;border:3px solid;background-color:transparent}.elementor-widget-text-editor:not(.elementor-drop-cap-view-default) .elementor-drop-cap{margin-top:8px}.elementor-widget-text-editor:not(.elementor-drop-cap-view-default) .elementor-drop-cap-letter{width:1em;height:1em}.elementor-widget-text-editor .elementor-drop-cap{float:left;text-align:center;line-height:1;font-size:50px}.elementor-widget-text-editor .elementor-drop-cap-letter{display:inline-block}<\/style>\t\t\t\t<p><strong>Mediasoft, int\u00e9grateur de solutions de gestion et de digitalisation<\/strong><\/p><p>Nous accompagnons nos clients dans le choix et la mise en place de leurs solutions m\u00e9tiers et technologiques.<\/p><p>Nos\u00a0<strong>partenariats<\/strong>\u00a0strat\u00e9giques avec\u00a0<strong>les \u00e9diteurs Sage, Divalto et Microsoft<\/strong>\u00a0et notre savoir-faire nous permettent de vous offrir des solutions et des services innovants adapt\u00e9s aux exigences digitales de demain.<\/p><p>Et gr\u00e2ce \u00e0 l\u2019expertise de nos consultants certifi\u00e9s, nous vous accompagnons\u00a0<strong>dans chaque \u00e9tape de votre processus de transformation digitale<\/strong>\u00a0: Audit, Conseil, Personnalisation, Formation, Support.<\/p><h2>Agence Tunis:<\/h2><p>MediaSoft sarl Av, H\u00e9di Nouira Immeuble le Moulin Bureau N\u00ba2 &#8211; Ennasr II &#8211; 2037 Ariana<\/p><p>T\u00e9l\u00a0:\u00a0(+216) 71 827 655 | 73 822 546<\/p><p>Fax\u00a0:\u00a0(+216) 71 827 625<\/p><p>Email \u00a0:\u00a0 info@mediasoft.tn<\/p><p>\u00a0<\/p>\t\t\t\t\t\t<\/div>\n\t\t\t\t<\/div>\n\t\t\t\t\t<\/div>\n\t\t<\/div>\n\t\t\t\t<div class=\"elementor-column elementor-col-50 elementor-top-column elementor-element elementor-element-73bdcdf\" data-id=\"73bdcdf\" data-element_type=\"column\">\n\t\t\t<div class=\"elementor-widget-wrap elementor-element-populated\">\n\t\t\t\t\t\t\t\t<div class=\"elementor-element elementor-element-f7464f5 elementor-widget elementor-widget-wpforms\" data-id=\"f7464f5\" data-element_type=\"widget\" data-widget_type=\"wpforms.default\">\n\t\t\t\t<div class=\"elementor-widget-container\">\n\t\t\t<div class=\"wpforms-container wpforms-container-full\" id=\"wpforms-355\"><form id=\"wpforms-form-355\" class=\"wpforms-validate wpforms-form wpforms-ajax-form\" data-formid=\"355\" method=\"post\" enctype=\"multipart\/form-data\" action=\"\/sage.tn\/wp-json\/wp\/v2\/pages\/24\" data-token=\"f2e893799fb88fac22062b43aa76691d\"><div class=\"wpforms-head-container\"><div class=\"wpforms-description\">Veuillez remplir le formulaire ci-dessous et nous vous contacterons au plus vite.<\/div><\/div><noscript class=\"wpforms-error-noscript\">Veuillez activer JavaScript dans votre navigateur pour remplir ce formulaire.<\/noscript><div class=\"wpforms-field-container\"><div id=\"wpforms-355-field_0-container\" class=\"wpforms-field wpforms-field-name\" data-field-id=\"0\"><label class=\"wpforms-field-label\" for=\"wpforms-355-field_0\">Nom <span class=\"wpforms-required-label\">*<\/span><\/label><div class=\"wpforms-field-row wpforms-field-medium\"><div class=\"wpforms-field-row-block wpforms-first wpforms-one-half\"><input type=\"text\" id=\"wpforms-355-field_0\" class=\"wpforms-field-name-first wpforms-field-required\" name=\"wpforms[fields][0][first]\" required><label for=\"wpforms-355-field_0\" class=\"wpforms-field-sublabel after \">Pr\u00e9nom<\/label><\/div><div class=\"wpforms-field-row-block wpforms-one-half\"><input type=\"text\" id=\"wpforms-355-field_0-last\" class=\"wpforms-field-name-last wpforms-field-required\" name=\"wpforms[fields][0][last]\" required><label for=\"wpforms-355-field_0-last\" class=\"wpforms-field-sublabel after \">Nom<\/label><\/div><\/div><\/div><div id=\"wpforms-355-field_1-container\" class=\"wpforms-field wpforms-field-email\" data-field-id=\"1\"><label class=\"wpforms-field-label\" for=\"wpforms-355-field_1\">E-mail <span class=\"wpforms-required-label\">*<\/span><\/label><input type=\"email\" id=\"wpforms-355-field_1\" class=\"wpforms-field-medium wpforms-field-required\" name=\"wpforms[fields][1]\" required><\/div><div id=\"wpforms-355-field_5-container\" class=\"wpforms-field wpforms-field-text\" data-field-id=\"5\"><label class=\"wpforms-field-label\" for=\"wpforms-355-field_5\">Num\u00e9ro T\u00e9l\u00e9phone <span class=\"wpforms-required-label\">*<\/span><\/label><input type=\"text\" id=\"wpforms-355-field_5\" class=\"wpforms-field-medium wpforms-field-required\" name=\"wpforms[fields][5]\" required><\/div><div id=\"wpforms-355-field_6-container\" class=\"wpforms-field wpforms-field-text\" data-field-id=\"6\"><label class=\"wpforms-field-label\" for=\"wpforms-355-field_6\">Soci\u00e9t\u00e9 <span class=\"wpforms-required-label\">*<\/span><\/label><input type=\"text\" id=\"wpforms-355-field_6\" class=\"wpforms-field-medium wpforms-field-required\" name=\"wpforms[fields][6]\" required><\/div><div id=\"wpforms-355-field_7-container\" class=\"wpforms-field wpforms-field-text\" data-field-id=\"7\"><label class=\"wpforms-field-label\" for=\"wpforms-355-field_7\">Activit\u00e9 <span class=\"wpforms-required-label\">*<\/span><\/label><input type=\"text\" id=\"wpforms-355-field_7\" class=\"wpforms-field-medium wpforms-field-required\" name=\"wpforms[fields][7]\" required><\/div><div id=\"wpforms-355-field_8-container\" class=\"wpforms-field wpforms-field-text\" data-field-id=\"8\"><label class=\"wpforms-field-label\" for=\"wpforms-355-field_8\">Adresse <span class=\"wpforms-required-label\">*<\/span><\/label><input type=\"text\" id=\"wpforms-355-field_8\" class=\"wpforms-field-medium wpforms-field-required\" name=\"wpforms[fields][8]\" required><\/div><div id=\"wpforms-355-field_2-container\" class=\"wpforms-field wpforms-field-textarea\" data-field-id=\"2\"><label class=\"wpforms-field-label\" for=\"wpforms-355-field_2\">Commentaire ou message<\/label><textarea id=\"wpforms-355-field_2\" class=\"wpforms-field-medium\" name=\"wpforms[fields][2]\" ><\/textarea><\/div><\/div><div class=\"wpforms-submit-container\"><input type=\"hidden\" name=\"wpforms[id]\" value=\"355\"><input type=\"hidden\" name=\"wpforms[author]\" value=\"1\"><button type=\"submit\" name=\"wpforms[submit]\" id=\"wpforms-submit-355\" class=\"wpforms-submit\" data-alt-text=\"Envoi...\" data-submit-text=\"Envoyer\" aria-live=\"assertive\" value=\"wpforms-submit\">Envoyer<\/button><img decoding=\"async\" loading=\"lazy\" src=\"https:\/\/mediasoft.tn\/sage.tn\/wp-content\/plugins\/wpforms-lite\/assets\/images\/submit-spin.svg\" class=\"wpforms-submit-spinner\" style=\"display: none;\" width=\"26\" height=\"26\" alt=\"Chargement en cours\"><\/div><\/form><\/div>  <!-- .wpforms-container -->\t\t<\/div>\n\t\t\t\t<\/div>\n\t\t\t\t\t<\/div>\n\t\t<\/div>\n\t\t\t\t\t\t\t<\/div>\n\t\t<\/section>\n\t\t\t\t\t\t\t<\/div>\n\t\t","protected":false},"excerpt":{"rendered":"<p>Retrouvez l&rsquo;adresse de notre site au Tunis Mediasoft, int\u00e9grateur de solutions de gestion et de digitalisation Nous accompagnons nos clients dans le choix et la mise en place de leurs solutions m\u00e9tiers et technologiques. Nos&nbsp;partenariats&nbsp;strat\u00e9giques avec&nbsp;les \u00e9diteurs Sage, Divalto et Microsoft&nbsp;et notre savoir-faire nous permettent de vous offrir des solutions et des services innovants adapt\u00e9s&#8230;<\/p>\n","protected":false},"author":1,"featured_media":0,"parent":0,"menu_order":0,"comment_status":"closed","ping_status":"closed","template":"","meta":{"_kad_post_transparent":"","_kad_post_title":"hide","_kad_post_layout":"fullwidth","_kad_post_sidebar_id":"","_kad_post_content_style":"unboxed","_kad_post_vertical_padding":"hide","_kad_post_feature":"hide","_kad_post_feature_position":"","_kad_post_header":false,"_kad_post_footer":false},"yoast_head":"<!-- This site is optimized with the Yoast SEO plugin v20.8 - https:\/\/yoast.com\/wordpress\/plugins\/seo\/ -->\r\n<title>Contactez-nous | sage.tn<\/title>\r\n<meta name=\"description\" content=\"Mediasoft, int\u00e9grateur de solutions de gestion et de digitalisation, Nous accompagnons nos clients dans le choix et la mise en place de leurs solutions m\u00e9tiers et technologiques.\" \/>\r\n<meta name=\"robots\" content=\"index, follow, max-snippet:-1, max-image-preview:large, max-video-preview:-1\" \/>\r\n<link rel=\"canonical\" href=\"https:\/\/mediasoft.tn\/sage.tn\/contactez-nous\/\" \/>\r\n<meta property=\"og:locale\" content=\"fr_FR\" \/>\r\n<meta property=\"og:type\" content=\"article\" \/>\r\n<meta property=\"og:title\" content=\"Contactez-nous | sage.tn\" \/>\r\n<meta property=\"og:description\" content=\"Mediasoft, int\u00e9grateur de solutions de gestion et de digitalisation, Nous accompagnons nos clients dans le choix et la mise en place de leurs solutions m\u00e9tiers et technologiques.\" \/>\r\n<meta property=\"og:url\" content=\"https:\/\/mediasoft.tn\/sage.tn\/contactez-nous\/\" \/>\r\n<meta property=\"og:site_name\" content=\"sage.tn\" \/>\r\n<meta property=\"article:publisher\" content=\"https:\/\/www.facebook.com\/mediasoftsousse\" \/>\r\n<meta property=\"article:modified_time\" content=\"2023-06-08T10:10:23+00:00\" \/>\r\n<meta property=\"og:image\" content=\"https:\/\/mediasoft.tn\/sage.tn\/wp-content\/uploads\/2023\/05\/MEDIA-Soft-1.png\" \/>\r\n\t<meta property=\"og:image:width\" content=\"507\" \/>\r\n\t<meta property=\"og:image:height\" content=\"185\" \/>\r\n\t<meta property=\"og:image:type\" content=\"image\/png\" \/>\r\n<meta name=\"twitter:card\" content=\"summary_large_image\" \/>\r\n<meta name=\"twitter:label1\" content=\"Dur\u00e9e de lecture estim\u00e9e\" \/>\n\t<meta name=\"twitter:data1\" content=\"1 minute\" \/>\r\n<script type=\"application\/ld+json\" class=\"yoast-schema-graph\">{\"@context\":\"https:\/\/schema.org\",\"@graph\":[{\"@type\":\"WebPage\",\"@id\":\"https:\/\/mediasoft.tn\/sage.tn\/contactez-nous\/\",\"url\":\"https:\/\/mediasoft.tn\/sage.tn\/contactez-nous\/\",\"name\":\"Contactez-nous | sage.tn\",\"isPartOf\":{\"@id\":\"https:\/\/mediasoft.tn\/sage.tn\/#website\"},\"datePublished\":\"2023-03-07T11:27:37+00:00\",\"dateModified\":\"2023-06-08T10:10:23+00:00\",\"description\":\"Mediasoft, int\u00e9grateur de solutions de gestion et de digitalisation, Nous accompagnons nos clients dans le choix et la mise en place de leurs solutions m\u00e9tiers et technologiques.\",\"breadcrumb\":{\"@id\":\"https:\/\/mediasoft.tn\/sage.tn\/contactez-nous\/#breadcrumb\"},\"inLanguage\":\"fr-FR\",\"potentialAction\":[{\"@type\":\"ReadAction\",\"target\":[\"https:\/\/mediasoft.tn\/sage.tn\/contactez-nous\/\"]}]},{\"@type\":\"BreadcrumbList\",\"@id\":\"https:\/\/mediasoft.tn\/sage.tn\/contactez-nous\/#breadcrumb\",\"itemListElement\":[{\"@type\":\"ListItem\",\"position\":1,\"name\":\"Accueil\",\"item\":\"https:\/\/mediasoft.tn\/sage.tn\/\"},{\"@type\":\"ListItem\",\"position\":2,\"name\":\"Contactez-nous\"}]},{\"@type\":\"WebSite\",\"@id\":\"https:\/\/mediasoft.tn\/sage.tn\/#website\",\"url\":\"https:\/\/mediasoft.tn\/sage.tn\/\",\"name\":\"sage.tn\",\"description\":\"Int\u00e9grateur logiciel sage tunisie\",\"publisher\":{\"@id\":\"https:\/\/mediasoft.tn\/sage.tn\/#organization\"},\"potentialAction\":[{\"@type\":\"SearchAction\",\"target\":{\"@type\":\"EntryPoint\",\"urlTemplate\":\"https:\/\/mediasoft.tn\/sage.tn\/?s={search_term_string}\"},\"query-input\":\"required name=search_term_string\"}],\"inLanguage\":\"fr-FR\"},{\"@type\":\"Organization\",\"@id\":\"https:\/\/mediasoft.tn\/sage.tn\/#organization\",\"name\":\"Int\u00e9grateur et revendeur de logiciel sage en tunisie\",\"alternateName\":\"partenaire sage tunise\",\"url\":\"https:\/\/mediasoft.tn\/sage.tn\/\",\"logo\":{\"@type\":\"ImageObject\",\"inLanguage\":\"fr-FR\",\"@id\":\"https:\/\/mediasoft.tn\/sage.tn\/#\/schema\/logo\/image\/\",\"url\":\"https:\/\/mediasoft.tn\/sage.tn\/wp-content\/uploads\/2023\/05\/cropped-MEDIA-Soft.png\",\"contentUrl\":\"https:\/\/mediasoft.tn\/sage.tn\/wp-content\/uploads\/2023\/05\/cropped-MEDIA-Soft.png\",\"width\":507,\"height\":185,\"caption\":\"Int\u00e9grateur et revendeur de logiciel sage en tunisie\"},\"image\":{\"@id\":\"https:\/\/mediasoft.tn\/sage.tn\/#\/schema\/logo\/image\/\"},\"sameAs\":[\"https:\/\/www.facebook.com\/mediasoftsousse\",\"https:\/\/www.linkedin.com\/company\/68141122\"]}]}<\/script>\r\n<!-- \/ Yoast SEO plugin. -->","yoast_head_json":{"title":"Contactez-nous | sage.tn","description":"Mediasoft, int\u00e9grateur de solutions de gestion et de digitalisation, Nous accompagnons nos clients dans le choix et la mise en place de leurs solutions m\u00e9tiers et technologiques.","robots":{"index":"index","follow":"follow","max-snippet":"max-snippet:-1","max-image-preview":"max-image-preview:large","max-video-preview":"max-video-preview:-1"},"canonical":"https:\/\/mediasoft.tn\/sage.tn\/contactez-nous\/","og_locale":"fr_FR","og_type":"article","og_title":"Contactez-nous | sage.tn","og_description":"Mediasoft, int\u00e9grateur de solutions de gestion et de digitalisation, Nous accompagnons nos clients dans le choix et la mise en place de leurs solutions m\u00e9tiers et technologiques.","og_url":"https:\/\/mediasoft.tn\/sage.tn\/contactez-nous\/","og_site_name":"sage.tn","article_publisher":"https:\/\/www.facebook.com\/mediasoftsousse","article_modified_time":"2023-06-08T10:10:23+00:00","og_image":[{"width":507,"height":185,"url":"https:\/\/mediasoft.tn\/sage.tn\/wp-content\/uploads\/2023\/05\/MEDIA-Soft-1.png","type":"image\/png"}],"twitter_card":"summary_large_image","twitter_misc":{"Dur\u00e9e de lecture estim\u00e9e":"1 minute"},"schema":{"@context":"https:\/\/schema.org","@graph":[{"@type":"WebPage","@id":"https:\/\/mediasoft.tn\/sage.tn\/contactez-nous\/","url":"https:\/\/mediasoft.tn\/sage.tn\/contactez-nous\/","name":"Contactez-nous | sage.tn","isPartOf":{"@id":"https:\/\/mediasoft.tn\/sage.tn\/#website"},"datePublished":"2023-03-07T11:27:37+00:00","dateModified":"2023-06-08T10:10:23+00:00","description":"Mediasoft, int\u00e9grateur de solutions de gestion et de digitalisation, Nous accompagnons nos clients dans le choix et la mise en place de leurs solutions m\u00e9tiers et technologiques.","breadcrumb":{"@id":"https:\/\/mediasoft.tn\/sage.tn\/contactez-nous\/#breadcrumb"},"inLanguage":"fr-FR","potentialAction":[{"@type":"ReadAction","target":["https:\/\/mediasoft.tn\/sage.tn\/contactez-nous\/"]}]},{"@type":"BreadcrumbList","@id":"https:\/\/mediasoft.tn\/sage.tn\/contactez-nous\/#breadcrumb","itemListElement":[{"@type":"ListItem","position":1,"name":"Accueil","item":"https:\/\/mediasoft.tn\/sage.tn\/"},{"@type":"ListItem","position":2,"name":"Contactez-nous"}]},{"@type":"WebSite","@id":"https:\/\/mediasoft.tn\/sage.tn\/#website","url":"https:\/\/mediasoft.tn\/sage.tn\/","name":"sage.tn","description":"Int\u00e9grateur logiciel sage tunisie","publisher":{"@id":"https:\/\/mediasoft.tn\/sage.tn\/#organization"},"potentialAction":[{"@type":"SearchAction","target":{"@type":"EntryPoint","urlTemplate":"https:\/\/mediasoft.tn\/sage.tn\/?s={search_term_string}"},"query-input":"required name=search_term_string"}],"inLanguage":"fr-FR"},{"@type":"Organization","@id":"https:\/\/mediasoft.tn\/sage.tn\/#organization","name":"Int\u00e9grateur et revendeur de logiciel sage en tunisie","alternateName":"partenaire sage tunise","url":"https:\/\/mediasoft.tn\/sage.tn\/","logo":{"@type":"ImageObject","inLanguage":"fr-FR","@id":"https:\/\/mediasoft.tn\/sage.tn\/#\/schema\/logo\/image\/","url":"https:\/\/mediasoft.tn\/sage.tn\/wp-content\/uploads\/2023\/05\/cropped-MEDIA-Soft.png","contentUrl":"https:\/\/mediasoft.tn\/sage.tn\/wp-content\/uploads\/2023\/05\/cropped-MEDIA-Soft.png","width":507,"height":185,"caption":"Int\u00e9grateur et revendeur de logiciel sage en tunisie"},"image":{"@id":"https:\/\/mediasoft.tn\/sage.tn\/#\/schema\/logo\/image\/"},"sameAs":["https:\/\/www.facebook.com\/mediasoftsousse","https:\/\/www.linkedin.com\/company\/68141122"]}]}},"_links":{"self":[{"href":"https:\/\/mediasoft.tn\/sage.tn\/wp-json\/wp\/v2\/pages\/24"}],"collection":[{"href":"https:\/\/mediasoft.tn\/sage.tn\/wp-json\/wp\/v2\/pages"}],"about":[{"href":"https:\/\/mediasoft.tn\/sage.tn\/wp-json\/wp\/v2\/types\/page"}],"author":[{"embeddable":true,"href":"https:\/\/mediasoft.tn\/sage.tn\/wp-json\/wp\/v2\/users\/1"}],"replies":[{"embeddable":true,"href":"https:\/\/mediasoft.tn\/sage.tn\/wp-json\/wp\/v2\/comments?post=24"}],"version-history":[{"count":68,"href":"https:\/\/mediasoft.tn\/sage.tn\/wp-json\/wp\/v2\/pages\/24\/revisions"}],"predecessor-version":[{"id":4116,"href":"https:\/\/mediasoft.tn\/sage.tn\/wp-json\/wp\/v2\/pages\/24\/revisions\/4116"}],"wp:attachment":[{"href":"https:\/\/mediasoft.tn\/sage.tn\/wp-json\/wp\/v2\/media?parent=24"}],"curies":[{"name":"wp","href":"https:\/\/api.w.org\/{rel}","templated":true}]}}